{"id":3349,"date":"2022-03-23T19:19:53","date_gmt":"2022-03-23T19:19:53","guid":{"rendered":"https:\/\/exchange.galata.edu.tr\/accesible-erasmus\/"},"modified":"2022-08-03T01:06:31","modified_gmt":"2022-08-03T01:06:31","slug":"accesible-erasmus","status":"publish","type":"page","link":"https:\/\/exchange.galata.edu.tr\/tr\/accesible-erasmus\/","title":{"rendered":"ENGELS\u0130Z ERASMUS+"},"content":{"rendered":"\t\t<div data-elementor-type=\"wp-page\" data-elementor-id=\"3349\" class=\"elementor elementor-3349\">\n\t\t\t\t\t\t\t\t\t<section class=\"elementor-section elementor-top-section elementor-element elementor-element-28a848f elementor-section-boxed elementor-section-height-default elementor-section-height-default\" data-id=\"28a848f\" data-element_type=\"section\">\n\t\t\t\t\t\t<div class=\"elementor-container elementor-column-gap-default\">\n\t\t\t\t\t<div class=\"elementor-column elementor-col-100 elementor-top-column elementor-element elementor-element-2d3befd\" data-id=\"2d3befd\" data-element_type=\"column\">\n\t\t\t<div class=\"elementor-widget-wrap elementor-element-populated\">\n\t\t\t\t\t\t\t\t<div class=\"elementor-element elementor-element-2ebd6e5 elementor-widget elementor-widget-text-editor\" data-id=\"2ebd6e5\" data-element_type=\"widget\" data-widget_type=\"text-editor.default\">\n\t\t\t\t<div class=\"elementor-widget-container\">\n\t\t\t\t\t\t\t<p style=\"text-align: center;\"><strong>ENGELS\u0130Z ERASMUS+ \/ \u0130\u00c7ERME DESTE\u011e\u0130<\/strong><\/p><p>\u00a0<\/p><p>Erasmus+ Program\u0131, \u00f6zel ihtiya\u00e7 sahibi kesimin programa kat\u0131l\u0131m\u0131na \u00f6zel \u00f6nem vermektedir. \u00d6zel ihtiyac\u0131 olan ki\u015fi, ek finansal destek olmad\u0131\u011f\u0131 takdirde ki\u015fisel fiziksel durumu, zihinsel durumu veya sa\u011fl\u0131k durumu, projeye\/hareketlilik faaliyetine kat\u0131lmas\u0131na izin vermeyen potansiyel kat\u0131l\u0131mc\u0131d\u0131r.<\/p><p><strong>Ek \/ \u0130lave Hibe Deste\u011fi<\/strong><\/p><p>\u0130\u00e7erme deste\u011fi sahibi kat\u0131l\u0131mc\u0131 se\u00e7ildikten sonra, kat\u0131l\u0131mc\u0131n\u0131n ek hibe talebi varsa, yakla\u015f\u0131k ek masraflar\u0131 belirlenir ve ilave hibe talep edilir. \u0130lave hibe talebi s\u00f6zle\u015fme d\u00f6nemi i\u00e7erisinde, ama her hal ve durumda s\u00f6zle\u015fme biti\u015f tarihinden 60 g\u00fcn \u00f6ncesine kadar yap\u0131labilir. Kat\u0131l\u0131mc\u0131 faaliyeti sona erdikten sonra hibesinde art\u0131\u015f talep edilemez. Ba\u015fvuru formunda, i\u00e7erme deste\u011fine ni\u00e7in ihtiya\u00e7 duyuldu\u011funun a\u00e7\u0131klanmas\u0131, kan\u0131tlay\u0131c\u0131 belgelerin eklenmesi (\u00f6rne\u011fin i\u00e7erme deste\u011fi engellili\u011fe ili\u015fkinse, engellili\u011fe ve d\u00fczeyine ili\u015fkin bilgileri veren doktor raporu (3 aydan eski olmayacak \u015fekilde) veya engellilik kart\u0131 fotokopisi, kronik hastal\u0131klar i\u00e7in doktor raporu) gerekir. Forma ayr\u0131ca gidilecek y\u00fcksek\u00f6\u011fretim kurumunun misafir edece\u011fi \u00f6\u011frenci\/personelin i\u00e7erme deste\u011fine gereksinim duyan bir kat\u0131l\u0131mc\u0131 oldu\u011fundan haberdar oldu\u011fu bilgisi ve uygun donan\u0131ma sahip oldu\u011funa ili\u015fkin taahh\u00fcd\u00fcn\u00fc i\u00e7eren belgeler eklenir. Talep edilen ilave hibe miktarlar\u0131 ve neden ihtiya\u00e7 duyuldu\u011fu formda istenildi\u011fi \u015fekilde detayl\u0131ca g\u00f6sterilmelidir. Talep edilen hibe, i\u00e7erme deste\u011fi sahibi kat\u0131l\u0131mc\u0131n\u0131n faaliyete kat\u0131l\u0131m\u0131n\u0131 m\u00fcmk\u00fcn k\u0131lma amac\u0131yla do\u011frudan ili\u015fkili olmal\u0131d\u0131r.<\/p><p>Y\u00fcksek\u00f6\u011fretim kurumlar\u0131 ba\u015fvuru formlar\u0131n\u0131n do\u011fru ve tam olmas\u0131n\u0131 sa\u011flamakla g\u00f6revlidir ve \u00f6\u011frenci\/personelin ihtiya\u00e7lar\u0131n\u0131 kar\u015f\u0131lamak \u00fczere gerekli d\u00fczenlemeler misafir olunan y\u00fcksek\u00f6\u011fretim kurumu taraf\u0131ndan yap\u0131lmal\u0131d\u0131r. \u0130lave hibe ba\u015fvurusu Ulusal Ajans taraf\u0131ndan \u00f6zel olarak de\u011ferlendirir; ilave hibe verilip verilemeyece\u011fini, verilebilecekse uygun hibe miktar\u0131n\u0131 kararla\u015ft\u0131r\u0131r. \u0130\u00e7erme deste\u011fi sahibi kat\u0131l\u0131mc\u0131lar i\u00e7in nihai ek hibe, yap\u0131lan harcaman\u0131n ger\u00e7ekle\u015fme tutar\u0131 \u00fczerinden verilecektir. Faaliyet sonunda verilen ek hibenin kullan\u0131m\u0131na ili\u015fkin faturalar\u0131n temin edilmesi ve olas\u0131 kontrollerde ibraz edilmek \u00fczere kat\u0131l\u0131mc\u0131 dosyas\u0131nda saklanmas\u0131 gerekmektedir. Belgeye dayanmayan harcamalar ve s\u00f6zle\u015fme ile verilen i\u00e7erme deste\u011fi sahibi yararlan\u0131c\u0131 hibesinin \u00fczerindeki harcamalar yap\u0131lm\u0131\u015f olsalar dahi uygun kabul edilmez.<\/p><p><strong>Erasmus+ i\u00e7erme deste\u011fi ek hibe talebinizi Erasmus+ De\u011fi\u015fim Program\u0131 ba\u015fvuru s\u0131ras\u0131nda Erasmus+ Ofis Koordinat\u00f6rl\u00fc\u011f\u00fcne iletmelisiniz.<\/strong><\/p>\t\t\t\t\t\t<\/div>\n\t\t\t\t<\/div>\n\t\t\t\t\t<\/div>\n\t\t<\/div>\n\t\t\t\t\t\t\t<\/div>\n\t\t<\/section>\n\t\t\t\t\t\t\t<\/div>\n\t\t","protected":false},"excerpt":{"rendered":"<p>ENGELS\u0130Z ERASMUS+ \/ \u0130\u00c7ERME DESTE\u011e\u0130 \u00a0 Erasmus+ Program\u0131, \u00f6zel ihtiya\u00e7 sahibi kesimin programa kat\u0131l\u0131m\u0131na \u00f6zel \u00f6nem vermektedir. \u00d6zel ihtiyac\u0131 olan ki\u015fi, ek finansal destek olmad\u0131\u011f\u0131 takdirde ki\u015fisel fiziksel durumu, zihinsel durumu veya sa\u011fl\u0131k durumu, projeye\/hareketlilik faaliyetine kat\u0131lmas\u0131na izin vermeyen potansiyel kat\u0131l\u0131mc\u0131d\u0131r. Ek \/ \u0130lave Hibe Deste\u011fi \u0130\u00e7erme deste\u011fi sahibi kat\u0131l\u0131mc\u0131 se\u00e7ildikten sonra, kat\u0131l\u0131mc\u0131n\u0131n ek hibe [&hellip;]<\/p>\n","protected":false},"author":1,"featured_media":0,"parent":0,"menu_order":0,"comment_status":"closed","ping_status":"closed","template":"","meta":[],"_links":{"self":[{"href":"https:\/\/exchange.galata.edu.tr\/tr\/wp-json\/wp\/v2\/pages\/3349"}],"collection":[{"href":"https:\/\/exchange.galata.edu.tr\/tr\/wp-json\/wp\/v2\/pages"}],"about":[{"href":"https:\/\/exchange.galata.edu.tr\/tr\/wp-json\/wp\/v2\/types\/page"}],"author":[{"embeddable":true,"href":"https:\/\/exchange.galata.edu.tr\/tr\/wp-json\/wp\/v2\/users\/1"}],"replies":[{"embeddable":true,"href":"https:\/\/exchange.galata.edu.tr\/tr\/wp-json\/wp\/v2\/comments?post=3349"}],"version-history":[{"count":10,"href":"https:\/\/exchange.galata.edu.tr\/tr\/wp-json\/wp\/v2\/pages\/3349\/revisions"}],"predecessor-version":[{"id":3429,"href":"https:\/\/exchange.galata.edu.tr\/tr\/wp-json\/wp\/v2\/pages\/3349\/revisions\/3429"}],"wp:attachment":[{"href":"https:\/\/exchange.galata.edu.tr\/tr\/wp-json\/wp\/v2\/media?parent=3349"}],"curies":[{"name":"wp","href":"https:\/\/api.w.org\/{rel}","templated":true}]}}